{"id":236,"date":"2025-07-16T10:18:37","date_gmt":"2025-07-16T10:18:37","guid":{"rendered":"https:\/\/develop.baseball.at\/?page_id=236"},"modified":"2025-07-17T10:22:32","modified_gmt":"2025-07-17T10:22:32","slug":"anmeldung","status":"publish","type":"page","link":"https:\/\/develop.baseball.at\/?page_id=236","title":{"rendered":"ANMELDUNG"},"content":{"rendered":"\n<div style=\"height:217px\" aria-hidden=\"true\" class=\"wp-block-spacer\"><\/div>\n\n\n\n<div id=\"wp-block-themeisle-blocks-advanced-columns-e9582997\" class=\"wp-block-themeisle-blocks-advanced-columns has-1-columns has-desktop-equal-layout has-tablet-equal-layout has-mobile-equal-layout has-vertical-unset\"><div class=\"wp-block-themeisle-blocks-advanced-columns-overlay\"><\/div><div class=\"innerblocks-wrap\">\n<div id=\"wp-block-themeisle-blocks-advanced-column-4dd8fdd4\" class=\"wp-block-themeisle-blocks-advanced-column\"><div class=\"wp-block-themeisle-blocks-advanced-column-overlay\"><\/div>\n<h3 class=\"wp-block-heading\">Was Dich erwartet:<\/h3>\n\n\n\n<p>Ob du zum ersten Mal einen Ball in der Hand hast oder schon ge\u00fcbt bist, bei uns bist du genau richtig!<br>In der <strong>Baseballschule Wien<\/strong> lernst du alles, was du brauchst: Werfen, Fangen, Schlagen und vor allem: <br>Teamgeist, Bewegung und richtig viel Spa\u00df. \u26be\ud83d\udcaa<\/p>\n\n\n\n<p>Du willst Baseball spielen? Dann melde dich jetzt an!<\/p>\n\n\n\n<p>Unsere Trainings sind <strong>altersgerecht, sicher und voller Action<\/strong> \u2013 geleitet von erfahrenen Trainer*innen, die wissen, wie man Sport und Freude verbindet.<\/p>\n\n\n\n<figure class=\"wp-block-image size-large\"><img data-opt-id=962949989  fetchpriority=\"high\" decoding=\"async\" width=\"1024\" height=\"737\" src=\"https:\/\/mlijmc7a4smg.i.optimole.com\/w:1024\/h:737\/q:mauto\/ig:avif\/https:\/\/develop.baseball.at\/wp-content\/uploads\/2025\/07\/baseball_team_freigestellt.png\" alt=\"\" class=\"wp-image-373\" srcset=\"https:\/\/mlijmc7a4smg.i.optimole.com\/w:1024\/h:737\/q:mauto\/ig:avif\/https:\/\/develop.baseball.at\/wp-content\/uploads\/2025\/07\/baseball_team_freigestellt.png 1024w, https:\/\/mlijmc7a4smg.i.optimole.com\/w:300\/h:216\/q:mauto\/ig:avif\/https:\/\/develop.baseball.at\/wp-content\/uploads\/2025\/07\/baseball_team_freigestellt.png 300w, https:\/\/mlijmc7a4smg.i.optimole.com\/w:768\/h:553\/q:mauto\/ig:avif\/https:\/\/develop.baseball.at\/wp-content\/uploads\/2025\/07\/baseball_team_freigestellt.png 768w, https:\/\/mlijmc7a4smg.i.optimole.com\/w:1501\/h:1080\/q:mauto\/ig:avif\/https:\/\/develop.baseball.at\/wp-content\/uploads\/2025\/07\/baseball_team_freigestellt.png 1536w, https:\/\/mlijmc7a4smg.i.optimole.com\/w:1500\/h:1080\/q:mauto\/ig:avif\/https:\/\/develop.baseball.at\/wp-content\/uploads\/2025\/07\/baseball_team_freigestellt.png 2048w\" sizes=\"(max-width: 1024px) 100vw, 1024px\" \/><\/figure>\n\n\n\n<h3 class=\"wp-block-heading\">Infos f\u00fcr Eltern:<\/h3>\n\n\n\n<p>Sie suchen einen Sport, der nicht nur Bewegung, sondern auch Werte wie <strong>Fairness, Respekt und Zusammenhalt<\/strong> vermittelt? Dann ist Baseball genau das Richtige. Bei uns entwickeln sich Ihre Kinder k\u00f6rperlich und mental weiter, <br>in einem gesch\u00fctzten, unterst\u00fctzenden Umfeld mit klaren Strukturen und echter Begeisterung.<\/p>\n\n\n\n<div style=\"height:56px\" aria-hidden=\"true\" class=\"wp-block-spacer\"><\/div>\n\n\n\n<h3 class=\"wp-block-heading\">Jetzt online anmelden:<\/h3>\n\n\n\n<p>Wir freuen uns auf Dich! Dein Platz im Team wartet schon.<br><strong>Alle Schnuppertrainings sind v\u00f6llig kostenfrei und unverbindlich<\/strong>.<\/p>\n\n\n\n<p>Damit Ihr Kind <strong>sicher und gut betreut<\/strong> am Training teilnehmen kann, ben\u00f6tigen wir vorab ein paar Informationen, wie Name, Alter und Kontaktdaten. So k\u00f6nnen wir das Schnuppertraining optimal vorbereiten, passende Trainingsgruppen einteilen und Sie bei Fragen oder \u00c4nderungen direkt erreichen.<\/p>\n\n\n\n<p>Ihre Daten werden selbstverst\u00e4ndlich <strong>vertraulich behandelt<\/strong> und <strong>nicht an Dritte weitergegeben<\/strong>.<\/p>\n<\/div>\n<\/div><\/div>\n\n\n\n<div id=\"wp-block-themeisle-blocks-advanced-columns-4e1bd7f4\" class=\"wp-block-themeisle-blocks-advanced-columns has-1-columns has-desktop-equal-layout has-tablet-equal-layout has-mobile-equal-layout has-vertical-unset\"><div class=\"wp-block-themeisle-blocks-advanced-columns-overlay\"><\/div><div class=\"innerblocks-wrap\">\n<div id=\"wp-block-themeisle-blocks-advanced-column-f29edc99\" class=\"wp-block-themeisle-blocks-advanced-column\"><div class=\"wp-block-themeisle-blocks-advanced-column-overlay\"><\/div>\n<iframe id=\"mitgliedsantrag\" src=\"https:\/\/formular.vereinsplaner.com\/embed\/73f763bc-f9dd-4f0b-9830-21c4737a9bf5\" style=\"width: 100%; height: 1800px; border: none\"><\/iframe>\n<\/div>\n<\/div><\/div>\n\n\n\n<p><\/p>\n","protected":false},"excerpt":{"rendered":"","protected":false},"author":2,"featured_media":0,"parent":0,"menu_order":0,"comment_status":"closed","ping_status":"closed","template":"","meta":{"neve_meta_sidebar":"","neve_meta_container":"","neve_meta_enable_content_width":"","neve_meta_content_width":0,"neve_meta_title_alignment":"","neve_meta_author_avatar":"","neve_post_elements_order":"","neve_meta_disable_header":"","neve_meta_disable_footer":"","neve_meta_disable_title":"","_themeisle_gutenberg_block_has_review":false,"footnotes":""},"class_list":["post-236","page","type-page","status-publish","hentry"],"_links":{"self":[{"href":"https:\/\/develop.baseball.at\/index.php?rest_route=\/wp\/v2\/pages\/236","targetHints":{"allow":["GET"]}}],"collection":[{"href":"https:\/\/develop.baseball.at\/index.php?rest_route=\/wp\/v2\/pages"}],"about":[{"href":"https:\/\/develop.baseball.at\/index.php?rest_route=\/wp\/v2\/types\/page"}],"author":[{"embeddable":true,"href":"https:\/\/develop.baseball.at\/index.php?rest_route=\/wp\/v2\/users\/2"}],"replies":[{"embeddable":true,"href":"https:\/\/develop.baseball.at\/index.php?rest_route=%2Fwp%2Fv2%2Fcomments&post=236"}],"version-history":[{"count":33,"href":"https:\/\/develop.baseball.at\/index.php?rest_route=\/wp\/v2\/pages\/236\/revisions"}],"predecessor-version":[{"id":407,"href":"https:\/\/develop.baseball.at\/index.php?rest_route=\/wp\/v2\/pages\/236\/revisions\/407"}],"wp:attachment":[{"href":"https:\/\/develop.baseball.at\/index.php?rest_route=%2Fwp%2Fv2%2Fmedia&parent=236"}],"curies":[{"name":"wp","href":"https:\/\/api.w.org\/{rel}","templated":true}]}}